{"id":4884,"date":"2016-12-06T19:14:16","date_gmt":"2016-12-06T18:14:16","guid":{"rendered":"http:\/\/www.lbmb-notaires.com\/?page_id=4884"},"modified":"2024-01-19T10:02:17","modified_gmt":"2024-01-19T09:02:17","slug":"contactez-nous","status":"publish","type":"page","link":"https:\/\/www.lbmb.notaires.fr\/en\/contactez-nous\/","title":{"rendered":"Contact LBMB"},"content":{"rendered":"<p>[vc_row][vc_column][vc_empty_space height=&#8221;64px&#8221;][\/vc_column][\/vc_row][vc_row el_class=&#8221;about-section padding-top-60&#8243;][vc_column]    <div class=\"fekra-heading-style\">\n        <header class=\"page-heading text-center small\">\n                                        <h2 class=\"text-capitalize font-medium heading lime \">Contactez-nous<\/h2>\n                                    <\/header>\n    <\/div>\n    [\/vc_column][\/vc_row][vc_row][vc_column]    <div class=\"fekra-heading-style\">\n        <header class=\"page-heading text-center \">\n                        <span class=\"icon\"><i class=\"fa fa-flag\"><\/i><\/span>\n                                        <h6 class=\"heading8 margin-bottom-20  lime text-capitalize font-medium\">LBMB Notaires est situ\u00e9 25, avenue Marceau 75116 Paris<\/h6>\n                            <p style=\"text-align: center;\">\u00a0<strong>T\u00e9l\u00e9phone :<\/strong><\/p>\n<p style=\"text-align: center;\">+ 33 (1) 47 66 02 66<\/p>\n<p style=\"text-align: center;\"><strong>Heures d&#8217;ouverture :<\/strong><\/p>\n<p style=\"text-align: center;\">Lundi au vendredi de 8h30 \u00e0 18h30 sans interruption<\/p>\n<p style=\"text-align: center;\">Email : lbmb@lbmb.notaires.fr<\/p>\n<p style=\"text-align: center;\">Pour les formalit\u00e9s \u00e0 l&#8217;\u00e9tranger (certifications \/ l\u00e9galisations \/ apostilles) : certifications@lbmb.notaires.fr<\/p>\n        <\/header>\n    <\/div>\n    [\/vc_column][\/vc_row][vc_row][vc_column]\n<div class=\"wpcf7 no-js\" id=\"wpcf7-f5026-o1\" lang=\"en-US\" dir=\"ltr\" data-wpcf7-id=\"5026\">\n<div class=\"screen-reader-response\"><p role=\"status\" aria-live=\"polite\" aria-atomic=\"true\"><\/p> <ul><\/ul><\/div>\n<form action=\"\/en\/wp-json\/wp\/v2\/pages\/4884#wpcf7-f5026-o1\" method=\"post\" class=\"wpcf7-form init\" aria-label=\"Contact form\" novalidate=\"novalidate\" data-status=\"init\">\n<fieldset class=\"hidden-fields-container\"><input type=\"hidden\" name=\"_wpcf7\" value=\"5026\" \/><input type=\"hidden\" name=\"_wpcf7_version\" value=\"6.1.5\" \/><input type=\"hidden\" name=\"_wpcf7_locale\" value=\"en_US\" \/><input type=\"hidden\" name=\"_wpcf7_unit_tag\" value=\"wpcf7-f5026-o1\" \/><input type=\"hidden\" name=\"_wpcf7_container_post\" value=\"0\" \/><input type=\"hidden\" name=\"_wpcf7_posted_data_hash\" value=\"\" \/>\n<\/fieldset>\n<p><span class=\"wpcf7-form-control-wrap\" data-name=\"name\"><input size=\"40\" maxlength=\"400\" class=\"wpcf7-form-control wpcf7-text wpcf7-validates-as-required form-control\" aria-required=\"true\" aria-invalid=\"false\" value=\"Votre nom*\" type=\"text\" name=\"name\" \/><\/span><br \/>\n<span class=\"wpcf7-form-control-wrap\" data-name=\"email\"><input size=\"40\" maxlength=\"400\" class=\"wpcf7-form-control wpcf7-email wpcf7-validates-as-required wpcf7-text wpcf7-validates-as-email form-control\" aria-required=\"true\" aria-invalid=\"false\" value=\"Votre e-mail *\" type=\"email\" name=\"email\" \/><\/span><br \/>\nComment avez-vous connu LBMB*?\n<\/p>\n<p><span class=\"wpcf7-form-control-wrap\" data-name=\"deroulant\"><select class=\"wpcf7-form-control wpcf7-select\" aria-invalid=\"false\" name=\"deroulant\"><option value=\"Choisir\">Choisir<\/option><option value=\"Internet\">Internet<\/option><option value=\"Recommandation\">Recommandation<\/option><option value=\"D\u00e9j\u00e0 client\">D\u00e9j\u00e0 client<\/option><option value=\"Situation g\u00e9ographique\">Situation g\u00e9ographique<\/option><option value=\"Autre...\">Autre...<\/option><\/select><\/span>\n<\/p>\n<p><span class=\"wpcf7-form-control-wrap\" data-name=\"message\"><textarea cols=\"30\" rows=\"10\" maxlength=\"2000\" class=\"wpcf7-form-control wpcf7-textarea wpcf7-validates-as-required form-control\" aria-required=\"true\" aria-invalid=\"false\" name=\"message\">Message*<\/textarea><\/span><br \/>\n<input class=\"wpcf7-form-control wpcf7-submit has-spinner btn btn-f-info\" type=\"submit\" value=\"Envoyer\" \/>\n<\/p><div class=\"wpcf7-response-output\" aria-hidden=\"true\"><\/div>\n<\/form>\n<\/div>\n[\/vc_column][\/vc_row][vc_row][vc_column][vc_column_text]<a href=\"https:\/\/www.lbmb-notaires.com\/wp-content\/uploads\/2016\/01\/Politique-de-gestion-des-donnees-personnelles-1.pdf\" target=\"_blank\" rel=\"noopener\">Politique de gestion des donn\u00e9es personnelles<\/a>[\/vc_column_text][\/vc_column][\/vc_row][vc_row][vc_column][vc_column_text]M\u00e9tro (Alma Marceau, ligne 9 ; George V, ligne 1)<br \/>\nRER A (Charles de Gaulle &#8211; Etoile)<br \/>\nBus (32, 92, 42, 63, 72, 80)<br \/>\nStations\u00a0<a href=\"http:\/\/www.velib.paris\/Plan\">V\u00e9lib<\/a>, 2, avenue Marceau ou 1, rue de Bassano[\/vc_column_text][\/vc_column][\/vc_row][vc_row][vc_column]<div id='wrap_map_69f750e50a012' class='ultimate-map-wrapper ult-adjust-bottom-margin ' style=' height:300px;'><div id='map_69f750e50a012' data-map_override='0' class='ultimate_google_map wpb_content_element page_margin_top' style='width:100%;height:300px;'><\/div><\/div><script type='text\/javascript'>\n\t\t\t(function($) {\n  \t\t\t'use strict';\n\t\t\tvar map_map_69f750e50a012 = null;\n\t\t\tvar coordinate_map_69f750e50a012;\n\t\t\tvar isDraggable = $(document).width() > 641 ? true : true;\n\t\t\ttry\n\t\t\t{\n\t\t\t\tvar map_map_69f750e50a012 = null;\n\t\t\t\tvar coordinate_map_69f750e50a012;\n\t\t\t\tcoordinate_map_69f750e50a012=new google.maps.LatLng(48.86689759999999, 2.2989411999999447);\n\t\t\t\tvar mapOptions=\n\t\t\t\t{\n\t\t\t\t\tzoom: 12,\n\t\t\t\t\tcenter: coordinate_map_69f750e50a012,\n\t\t\t\t\tscaleControl: true,\n\t\t\t\t\tstreetViewControl: false,\n\t\t\t\t\tmapTypeControl: false,\n\t\t\t\t\tpanControl: false,\n\t\t\t\t\tzoomControl: true,\n\t\t\t\t\tscrollwheel: true,\n\t\t\t\t\tdraggable: isDraggable,\n\t\t\t\t\tzoomControlOptions: {\n\t\t\t\t\t  style: google.maps.ZoomControlStyle.SMALL\n\t\t\t\t\t},mapTypeId: google.maps.MapTypeId.ROADMAP,};var map_map_69f750e50a012 = new google.maps.Map(document.getElementById('map_69f750e50a012'),mapOptions);\n\t\t\t\t\t\tvar x = 'infowindow_open_value';\n\t\t\t\t\t\tvar marker_map_69f750e50a012 = new google.maps.Marker({\n\t\t\t\t\t\tposition: new google.maps.LatLng(48.86689759999999, 2.2989411999999447),\n\t\t\t\t\t\tanimation:  google.maps.Animation.DROP,\n\t\t\t\t\t\tmap: map_map_69f750e50a012,\n\t\t\t\t\t\ticon: ''\n\t\t\t\t\t});\n\t\t\t\t\tgoogle.maps.event.addListener(marker_map_69f750e50a012, 'click', toggleBounce);var infowindow = new google.maps.InfoWindow();\n\t\t\t\t\t\t\tinfowindow.setContent('<div class=\"map_info_text\" style=\\'color:#000;\\'>25 Avenue Marceau, 75116 Paris, France<\/div>');google.maps.event.addListener(marker_map_69f750e50a012, 'click', function() {\n\t\t\t\t\t\t\t\tinfowindow.open(map_map_69f750e50a012,marker_map_69f750e50a012);\n\t\t\t\t\t\t  \t});}\n\t\t\tcatch(e){};\n\t\t\tjQuery(document).ready(function($){\n\t\t\t\tgoogle.maps.event.trigger(map_map_69f750e50a012, 'resize');\n\t\t\t\t$(window).resize(function(){\n\t\t\t\t\tgoogle.maps.event.trigger(map_map_69f750e50a012, 'resize');\n\t\t\t\t\tif(map_map_69f750e50a012!=null)\n\t\t\t\t\t\tmap_map_69f750e50a012.setCenter(coordinate_map_69f750e50a012);\n\t\t\t\t});\n\t\t\t\t$('.ui-tabs').bind('tabsactivate', function(event, ui) {\n\t\t\t\t   if($(this).find('.ultimate-map-wrapper').length > 0)\n\t\t\t\t\t{\n\t\t\t\t\t\tsetTimeout(function(){\n\t\t\t\t\t\t\t$(window).trigger('resize');\n\t\t\t\t\t\t},200);\n\t\t\t\t\t}\n\t\t\t\t});\n\t\t\t\t$('.ui-accordion').bind('accordionactivate', function(event, ui) {\n\t\t\t\t   if($(this).find('.ultimate-map-wrapper').length > 0)\n\t\t\t\t\t{\n\t\t\t\t\t\tsetTimeout(function(){\n\t\t\t\t\t\t\t$(window).trigger('resize');\n\t\t\t\t\t\t},200);\n\t\t\t\t\t}\n\t\t\t\t});\n\t\t\t\t$(window).load(function(){\n\t\t\t\t\tsetTimeout(function(){\n\t\t\t\t\t\t$(window).trigger('resize');\n\t\t\t\t\t},200);\n\t\t\t\t});\n\t\t\t\t$('.ult_exp_section').select(function(){\n\t\t\t\t\tif($(map_map_69f750e50a012).parents('.ult_exp_section'))\n\t\t\t\t\t{\n\t\t\t\t\t\tsetTimeout(function(){\n\t\t\t\t\t\t\t$(window).trigger('resize');\n\t\t\t\t\t\t},200);\n\t\t\t\t\t}\n\t\t\t\t});\n\t\t\t\t$(document).on('onUVCModalPopupOpen', function(){\n\t\t\t\t\tif($(map_map_69f750e50a012).parents('.ult_modal-content'))\n\t\t\t\t\t{\n\t\t\t\t\t\tsetTimeout(function(){\n\t\t\t\t\t\t\t$(window).trigger('resize');\n\t\t\t\t\t\t},200);\n\t\t\t\t\t}\n\t\t\t\t});\n\t\t\t\t$(document).on('click','.ult_tab_li',function(){\n\t\t\t\t\t$(window).trigger('resize');\n\t\t\t\t\tsetTimeout(function(){\n\t\t\t\t\t\t$(window).trigger('resize');\n\t\t\t\t\t},200);\n\t\t\t\t});\n\t\t\t});\n\t\t\tfunction toggleBounce() {\n\t\t\t  if (marker_map_69f750e50a012.getAnimation() != null) {\n\t\t\t\tmarker_map_69f750e50a012.setAnimation(null);\n\t\t\t  } else {\n\t\t\t\tmarker_map_69f750e50a012.setAnimation(google.maps.Animation.BOUNCE);\n\t\t\t  }\n\t\t\t}\n\t\t\t})(jQuery);\n\t\t\t<\/script>[\/vc_column][\/vc_row][vc_row][vc_column][vc_column_text]<strong>PARKING INDIGO ALMA GEORGE V :<\/strong><br \/>\n19 Avenue George V, 75008 Paris, France[\/vc_column_text][\/vc_column][\/vc_row][vc_row][vc_column][\/vc_column][\/vc_row][vc_row][vc_column][vc_column_text]<\/p>\n<p><span style=\"border-radius: 2px; text-indent: 20px; width: auto; padding: 0px 4px 0px 0px; text-align: center; font: bold 11px\/20px 'Helvetica Neue',Helvetica,sans-serif; color: #ffffff; background: #bd081c no-repeat scroll 3px 50% \/ 14px 14px; position: absolute; opacity: 1; z-index: 8675309; display: none; cursor: pointer;\">Enregistrer<\/span><\/p>\n<p><span style=\"border-radius: 2px; text-indent: 20px; width: auto; padding: 0px 4px 0px 0px; text-align: center; font: bold 11px\/20px 'Helvetica Neue',Helvetica,sans-serif; color: #ffffff; background: #bd081c no-repeat scroll 3px 50% \/ 14px 14px; position: absolute; opacity: 1; z-index: 8675309; display: none; cursor: pointer;\">Enregistrer<\/span>[\/vc_column_text][\/vc_column][\/vc_row]<\/p>\n","protected":false},"excerpt":{"rendered":"<p>[vc_row][vc_column][vc_empty_space height=&#8221;64px&#8221;][\/vc_column][\/vc_row][vc_row el_class=&#8221;about-section padding-top-60&#8243;][vc_column][\/vc_column][\/vc_row][vc_row][vc_column][\/vc_column][\/vc_row][vc_row][vc_column][\/vc_column][\/vc_row][vc_row][vc_column][vc_column_text]Politique de gestion des donn\u00e9es personnelles[\/vc_column_text][\/vc_column][\/vc_row][vc_row][vc_column][vc_column_text]M\u00e9tro (Alma Marceau, ligne 9 ; George V, ligne 1) RER A (Charles de Gaulle &#8211; Etoile) Bus (32, 92, 42, 63, 72, 80) Stations\u00a0V\u00e9lib, 2, avenue Marceau ou 1, rue de Bassano[\/vc_column_text][\/vc_column][\/vc_row][vc_row][vc_column][\/vc_column][\/vc_row][vc_row][vc_column][vc_column_text]PARKING INDIGO ALMA GEORGE V : 19 Avenue George V, 75008 Paris, France[\/vc_column_text][\/vc_column][\/vc_row][vc_row][vc_column][\/vc_column][\/vc_row][vc_row][vc_column][vc_column_text] Enregistrer Enregistrer[\/vc_column_text][\/vc_column][\/vc_row]<\/p>\n","protected":false},"author":1,"featured_media":0,"parent":0,"menu_order":0,"comment_status":"closed","ping_status":"closed","template":"","meta":{"footnotes":""},"class_list":["post-4884","page","type-page","status-publish","hentry"],"translation":{"provider":"WPGlobus","version":"3.0.2","language":"en","enabled_languages":["fr","en"],"languages":{"fr":{"title":true,"content":true,"excerpt":false},"en":{"title":false,"content":false,"excerpt":false}}},"yoast_head":"<!-- This site is optimized with the Yoast SEO plugin v27.3 - https:\/\/yoast.com\/product\/yoast-seo-wordpress\/ -->\n<title>Contact LBMB - LBMB-Notaires<\/title>\n<meta name=\"robots\" content=\"index, follow, max-snippet:-1, max-image-preview:large, max-video-preview:-1\" \/>\n<link rel=\"canonical\" href=\"https:\/\/www.lbmb.notaires.fr\/contactez-nous\/\" \/>\n<meta property=\"og:locale\" content=\"en_US\" \/>\n<meta property=\"og:type\" content=\"article\" \/>\n<meta property=\"og:title\" content=\"Contact LBMB - LBMB-Notaires\" \/>\n<meta property=\"og:url\" content=\"https:\/\/www.lbmb.notaires.fr\/contactez-nous\/\" \/>\n<meta property=\"og:site_name\" content=\"LBMB-Notaires\" \/>\n<meta property=\"article:modified_time\" content=\"2024-01-19T09:02:17+00:00\" \/>\n<meta name=\"twitter:card\" content=\"summary_large_image\" \/>\n<meta name=\"twitter:label1\" content=\"Est. reading time\" \/>\n\t<meta name=\"twitter:data1\" content=\"1 minute\" \/>\n<script type=\"application\/ld+json\" class=\"yoast-schema-graph\">{\"@context\":\"https:\\\/\\\/schema.org\",\"@graph\":[{\"@type\":\"WebPage\",\"@id\":\"https:\\\/\\\/www.lbmb.notaires.fr\\\/contactez-nous\\\/\",\"url\":\"https:\\\/\\\/www.lbmb.notaires.fr\\\/contactez-nous\\\/\",\"name\":\"Contact LBMB - LBMB-Notaires\",\"isPartOf\":{\"@id\":\"https:\\\/\\\/www.lbmb.notaires.fr\\\/#website\"},\"datePublished\":\"2016-12-06T18:14:16+00:00\",\"dateModified\":\"2024-01-19T09:02:17+00:00\",\"breadcrumb\":{\"@id\":\"https:\\\/\\\/www.lbmb.notaires.fr\\\/contactez-nous\\\/#breadcrumb\"},\"inLanguage\":\"en-US\",\"potentialAction\":[{\"@type\":\"ReadAction\",\"target\":[\"https:\\\/\\\/www.lbmb.notaires.fr\\\/contactez-nous\\\/\"]}]},{\"@type\":\"BreadcrumbList\",\"@id\":\"https:\\\/\\\/www.lbmb.notaires.fr\\\/contactez-nous\\\/#breadcrumb\",\"itemListElement\":[{\"@type\":\"ListItem\",\"position\":1,\"name\":\"Accueil\",\"item\":\"https:\\\/\\\/www.lbmb.notaires.fr\\\/\"},{\"@type\":\"ListItem\",\"position\":2,\"name\":\"Contact LBMB\"}]},{\"@type\":\"WebSite\",\"@id\":\"https:\\\/\\\/www.lbmb.notaires.fr\\\/#website\",\"url\":\"https:\\\/\\\/www.lbmb.notaires.fr\\\/\",\"name\":\"LBMB-Notaires\",\"description\":\"Office notarial\",\"publisher\":{\"@id\":\"https:\\\/\\\/www.lbmb.notaires.fr\\\/#organization\"},\"potentialAction\":[{\"@type\":\"SearchAction\",\"target\":{\"@type\":\"EntryPoint\",\"urlTemplate\":\"https:\\\/\\\/www.lbmb.notaires.fr\\\/?s={search_term_string}\"},\"query-input\":{\"@type\":\"PropertyValueSpecification\",\"valueRequired\":true,\"valueName\":\"search_term_string\"}}],\"inLanguage\":\"en-US\"},{\"@type\":\"Organization\",\"@id\":\"https:\\\/\\\/www.lbmb.notaires.fr\\\/#organization\",\"name\":\"LBLM Notaires\",\"url\":\"https:\\\/\\\/www.lbmb.notaires.fr\\\/\",\"logo\":{\"@type\":\"ImageObject\",\"inLanguage\":\"en-US\",\"@id\":\"https:\\\/\\\/www.lbmb.notaires.fr\\\/#\\\/schema\\\/logo\\\/image\\\/\",\"url\":\"https:\\\/\\\/www.lbmb-notaires.com\\\/wp-content\\\/uploads\\\/2016\\\/01\\\/logo_lbmb_blanc-1.png\",\"contentUrl\":\"https:\\\/\\\/www.lbmb-notaires.com\\\/wp-content\\\/uploads\\\/2016\\\/01\\\/logo_lbmb_blanc-1.png\",\"width\":107,\"height\":36,\"caption\":\"LBLM Notaires\"},\"image\":{\"@id\":\"https:\\\/\\\/www.lbmb.notaires.fr\\\/#\\\/schema\\\/logo\\\/image\\\/\"}}]}<\/script>\n<!-- \/ Yoast SEO plugin. -->","yoast_head_json":{"title":"Contact LBMB - LBMB-Notaires","robots":{"index":"index","follow":"follow","max-snippet":"max-snippet:-1","max-image-preview":"max-image-preview:large","max-video-preview":"max-video-preview:-1"},"canonical":"https:\/\/www.lbmb.notaires.fr\/contactez-nous\/","og_locale":"en_US","og_type":"article","og_title":"Contact LBMB - LBMB-Notaires","og_url":"https:\/\/www.lbmb.notaires.fr\/contactez-nous\/","og_site_name":"LBMB-Notaires","article_modified_time":"2024-01-19T09:02:17+00:00","twitter_card":"summary_large_image","twitter_misc":{"Est. reading time":"1 minute"},"schema":{"@context":"https:\/\/schema.org","@graph":[{"@type":"WebPage","@id":"https:\/\/www.lbmb.notaires.fr\/contactez-nous\/","url":"https:\/\/www.lbmb.notaires.fr\/contactez-nous\/","name":"Contact LBMB - LBMB-Notaires","isPartOf":{"@id":"https:\/\/www.lbmb.notaires.fr\/#website"},"datePublished":"2016-12-06T18:14:16+00:00","dateModified":"2024-01-19T09:02:17+00:00","breadcrumb":{"@id":"https:\/\/www.lbmb.notaires.fr\/contactez-nous\/#breadcrumb"},"inLanguage":"en-US","potentialAction":[{"@type":"ReadAction","target":["https:\/\/www.lbmb.notaires.fr\/contactez-nous\/"]}]},{"@type":"BreadcrumbList","@id":"https:\/\/www.lbmb.notaires.fr\/contactez-nous\/#breadcrumb","itemListElement":[{"@type":"ListItem","position":1,"name":"Accueil","item":"https:\/\/www.lbmb.notaires.fr\/"},{"@type":"ListItem","position":2,"name":"Contact LBMB"}]},{"@type":"WebSite","@id":"https:\/\/www.lbmb.notaires.fr\/#website","url":"https:\/\/www.lbmb.notaires.fr\/","name":"LBMB-Notaires","description":"Office notarial","publisher":{"@id":"https:\/\/www.lbmb.notaires.fr\/#organization"},"potentialAction":[{"@type":"SearchAction","target":{"@type":"EntryPoint","urlTemplate":"https:\/\/www.lbmb.notaires.fr\/?s={search_term_string}"},"query-input":{"@type":"PropertyValueSpecification","valueRequired":true,"valueName":"search_term_string"}}],"inLanguage":"en-US"},{"@type":"Organization","@id":"https:\/\/www.lbmb.notaires.fr\/#organization","name":"LBLM Notaires","url":"https:\/\/www.lbmb.notaires.fr\/","logo":{"@type":"ImageObject","inLanguage":"en-US","@id":"https:\/\/www.lbmb.notaires.fr\/#\/schema\/logo\/image\/","url":"https:\/\/www.lbmb-notaires.com\/wp-content\/uploads\/2016\/01\/logo_lbmb_blanc-1.png","contentUrl":"https:\/\/www.lbmb-notaires.com\/wp-content\/uploads\/2016\/01\/logo_lbmb_blanc-1.png","width":107,"height":36,"caption":"LBLM Notaires"},"image":{"@id":"https:\/\/www.lbmb.notaires.fr\/#\/schema\/logo\/image\/"}}]}},"_links":{"self":[{"href":"https:\/\/www.lbmb.notaires.fr\/en\/wp-json\/wp\/v2\/pages\/4884","targetHints":{"allow":["GET"]}}],"collection":[{"href":"https:\/\/www.lbmb.notaires.fr\/en\/wp-json\/wp\/v2\/pages"}],"about":[{"href":"https:\/\/www.lbmb.notaires.fr\/en\/wp-json\/wp\/v2\/types\/page"}],"author":[{"embeddable":true,"href":"https:\/\/www.lbmb.notaires.fr\/en\/wp-json\/wp\/v2\/users\/1"}],"replies":[{"embeddable":true,"href":"https:\/\/www.lbmb.notaires.fr\/en\/wp-json\/wp\/v2\/comments?post=4884"}],"version-history":[{"count":43,"href":"https:\/\/www.lbmb.notaires.fr\/en\/wp-json\/wp\/v2\/pages\/4884\/revisions"}],"predecessor-version":[{"id":7282,"href":"https:\/\/www.lbmb.notaires.fr\/en\/wp-json\/wp\/v2\/pages\/4884\/revisions\/7282"}],"wp:attachment":[{"href":"https:\/\/www.lbmb.notaires.fr\/en\/wp-json\/wp\/v2\/media?parent=4884"}],"curies":[{"name":"wp","href":"https:\/\/api.w.org\/{rel}","templated":true}]}}