{"id":6103,"date":"2018-02-01T12:44:53","date_gmt":"2018-02-01T11:44:53","guid":{"rendered":"http:\/\/www.lbmb.maslindo.com\/?page_id=6103"},"modified":"2018-11-26T17:04:38","modified_gmt":"2018-11-26T16:04:38","slug":"formalites-a-letranger","status":"publish","type":"page","link":"https:\/\/www.lbmb.notaires.fr\/en\/formalites-a-letranger\/","title":{"rendered":"International formalities"},"content":{"rendered":"<p>[vc_row][vc_column][vc_empty_space height=&#8221;64px&#8221;][\/vc_column][\/vc_row][vc_row el_class=&#8221;about-section padding-top-60&#8243;][vc_column]    <div class=\"fekra-heading-style\">\n        <header class=\"page-heading text-center small\">\n                                        <h2 class=\"text-capitalize font-medium heading lime \">International formalities<\/h2>\n                                    <\/header>\n    <\/div>\n    [\/vc_column][\/vc_row][vc_row][vc_column width=&#8221;1\/4&#8243;][vc_single_image image=&#8221;5894&#8243; img_size=&#8221;full&#8221;][\/vc_column][vc_column width=&#8221;3\/4&#8243;][vc_column_text]LBMB has a dedicated team to help you complete formalities which include obtaining certificates (powers of attorney or signature authority), apostilles and legalisations. We also assist you through the support of our professional network, e.g. when documents need to be translated.<\/p>\n<p>LBMB has a dedicated team to help you complete formalities which include:<\/p>\n<ul>\n<li>Certificates (powers of attorney or signature authority)<\/li>\n<li>Apostille (for countries that adhere to The Hague Convention)<\/li>\n<li>Legalisation (with services of the Ministry of foreign affairs and the consular services of the country where a document is sent)<\/li>\n<\/ul>\n<p>We also assist you through the support of our professional network, in instances when documents need to be translated.[\/vc_column_text][\/vc_column][\/vc_row][vc_row][vc_column][vc_column_text]<\/p>\n<p>[\/vc_column_text][\/vc_column][\/vc_row][vc_row][vc_column][vc_column_text]<\/p>\n<p>[\/vc_column_text][\/vc_column][\/vc_row]<\/p>\n","protected":false},"excerpt":{"rendered":"<p>[vc_row][vc_column][vc_empty_space height=&#8221;64px&#8221;][\/vc_column][\/vc_row][vc_row el_class=&#8221;about-section padding-top-60&#8243;][vc_column][\/vc_column][\/vc_row][vc_row][vc_column width=&#8221;1\/4&#8243;][vc_single_image image=&#8221;5894&#8243; img_size=&#8221;full&#8221;][\/vc_column][vc_column width=&#8221;3\/4&#8243;][vc_column_text]LBMB has a dedicated team to help you complete formalities which include obtaining certificates (powers of attorney or signature authority), apostilles and legalisations. We also assist you through the support of our professional network, e.g. when documents need to be translated. LBMB has a dedicated team to help [&hellip;]<\/p>\n","protected":false},"author":2,"featured_media":0,"parent":0,"menu_order":0,"comment_status":"closed","ping_status":"closed","template":"","meta":{"footnotes":""},"class_list":["post-6103","page","type-page","status-publish","hentry"],"translation":{"provider":"WPGlobus","version":"3.0.2","language":"en","enabled_languages":["fr","en"],"languages":{"fr":{"title":true,"content":true,"excerpt":false},"en":{"title":true,"content":true,"excerpt":false}}},"yoast_head":"<!-- This site is optimized with the Yoast SEO plugin v27.3 - https:\/\/yoast.com\/product\/yoast-seo-wordpress\/ -->\n<title>International formalities - LBMB-Notaires<\/title>\n<meta name=\"robots\" content=\"index, follow, max-snippet:-1, max-image-preview:large, max-video-preview:-1\" \/>\n<link rel=\"canonical\" href=\"https:\/\/www.lbmb.notaires.fr\/formalites-a-letranger\/\" \/>\n<meta property=\"og:locale\" content=\"en_US\" \/>\n<meta property=\"og:type\" content=\"article\" \/>\n<meta property=\"og:title\" content=\"International formalities - LBMB-Notaires\" \/>\n<meta property=\"og:url\" content=\"https:\/\/www.lbmb.notaires.fr\/formalites-a-letranger\/\" \/>\n<meta property=\"og:site_name\" content=\"LBMB-Notaires\" \/>\n<meta property=\"article:modified_time\" content=\"2018-11-26T16:04:38+00:00\" \/>\n<meta name=\"twitter:card\" content=\"summary_large_image\" \/>\n<meta name=\"twitter:label1\" content=\"Est. reading time\" \/>\n\t<meta name=\"twitter:data1\" content=\"2 minutes\" \/>\n<script type=\"application\/ld+json\" class=\"yoast-schema-graph\">{\"@context\":\"https:\\\/\\\/schema.org\",\"@graph\":[{\"@type\":\"WebPage\",\"@id\":\"https:\\\/\\\/www.lbmb.notaires.fr\\\/formalites-a-letranger\\\/\",\"url\":\"https:\\\/\\\/www.lbmb.notaires.fr\\\/formalites-a-letranger\\\/\",\"name\":\"International formalities - LBMB-Notaires\",\"isPartOf\":{\"@id\":\"https:\\\/\\\/www.lbmb.notaires.fr\\\/#website\"},\"datePublished\":\"2018-02-01T11:44:53+00:00\",\"dateModified\":\"2018-11-26T16:04:38+00:00\",\"breadcrumb\":{\"@id\":\"https:\\\/\\\/www.lbmb.notaires.fr\\\/formalites-a-letranger\\\/#breadcrumb\"},\"inLanguage\":\"en-US\",\"potentialAction\":[{\"@type\":\"ReadAction\",\"target\":[\"https:\\\/\\\/www.lbmb.notaires.fr\\\/formalites-a-letranger\\\/\"]}]},{\"@type\":\"BreadcrumbList\",\"@id\":\"https:\\\/\\\/www.lbmb.notaires.fr\\\/formalites-a-letranger\\\/#breadcrumb\",\"itemListElement\":[{\"@type\":\"ListItem\",\"position\":1,\"name\":\"Accueil\",\"item\":\"https:\\\/\\\/www.lbmb.notaires.fr\\\/\"},{\"@type\":\"ListItem\",\"position\":2,\"name\":\"Formalit\u00e9s \u00e0 l&#8217;\u00e9tranger\"}]},{\"@type\":\"WebSite\",\"@id\":\"https:\\\/\\\/www.lbmb.notaires.fr\\\/#website\",\"url\":\"https:\\\/\\\/www.lbmb.notaires.fr\\\/\",\"name\":\"LBMB-Notaires\",\"description\":\"Office notarial\",\"publisher\":{\"@id\":\"https:\\\/\\\/www.lbmb.notaires.fr\\\/#organization\"},\"potentialAction\":[{\"@type\":\"SearchAction\",\"target\":{\"@type\":\"EntryPoint\",\"urlTemplate\":\"https:\\\/\\\/www.lbmb.notaires.fr\\\/?s={search_term_string}\"},\"query-input\":{\"@type\":\"PropertyValueSpecification\",\"valueRequired\":true,\"valueName\":\"search_term_string\"}}],\"inLanguage\":\"en-US\"},{\"@type\":\"Organization\",\"@id\":\"https:\\\/\\\/www.lbmb.notaires.fr\\\/#organization\",\"name\":\"LBLM Notaires\",\"url\":\"https:\\\/\\\/www.lbmb.notaires.fr\\\/\",\"logo\":{\"@type\":\"ImageObject\",\"inLanguage\":\"en-US\",\"@id\":\"https:\\\/\\\/www.lbmb.notaires.fr\\\/#\\\/schema\\\/logo\\\/image\\\/\",\"url\":\"https:\\\/\\\/www.lbmb-notaires.com\\\/wp-content\\\/uploads\\\/2016\\\/01\\\/logo_lbmb_blanc-1.png\",\"contentUrl\":\"https:\\\/\\\/www.lbmb-notaires.com\\\/wp-content\\\/uploads\\\/2016\\\/01\\\/logo_lbmb_blanc-1.png\",\"width\":107,\"height\":36,\"caption\":\"LBLM Notaires\"},\"image\":{\"@id\":\"https:\\\/\\\/www.lbmb.notaires.fr\\\/#\\\/schema\\\/logo\\\/image\\\/\"}}]}<\/script>\n<!-- \/ Yoast SEO plugin. -->","yoast_head_json":{"title":"International formalities - LBMB-Notaires","robots":{"index":"index","follow":"follow","max-snippet":"max-snippet:-1","max-image-preview":"max-image-preview:large","max-video-preview":"max-video-preview:-1"},"canonical":"https:\/\/www.lbmb.notaires.fr\/formalites-a-letranger\/","og_locale":"en_US","og_type":"article","og_title":"International formalities - LBMB-Notaires","og_url":"https:\/\/www.lbmb.notaires.fr\/formalites-a-letranger\/","og_site_name":"LBMB-Notaires","article_modified_time":"2018-11-26T16:04:38+00:00","twitter_card":"summary_large_image","twitter_misc":{"Est. reading time":"2 minutes"},"schema":{"@context":"https:\/\/schema.org","@graph":[{"@type":"WebPage","@id":"https:\/\/www.lbmb.notaires.fr\/formalites-a-letranger\/","url":"https:\/\/www.lbmb.notaires.fr\/formalites-a-letranger\/","name":"International formalities - LBMB-Notaires","isPartOf":{"@id":"https:\/\/www.lbmb.notaires.fr\/#website"},"datePublished":"2018-02-01T11:44:53+00:00","dateModified":"2018-11-26T16:04:38+00:00","breadcrumb":{"@id":"https:\/\/www.lbmb.notaires.fr\/formalites-a-letranger\/#breadcrumb"},"inLanguage":"en-US","potentialAction":[{"@type":"ReadAction","target":["https:\/\/www.lbmb.notaires.fr\/formalites-a-letranger\/"]}]},{"@type":"BreadcrumbList","@id":"https:\/\/www.lbmb.notaires.fr\/formalites-a-letranger\/#breadcrumb","itemListElement":[{"@type":"ListItem","position":1,"name":"Accueil","item":"https:\/\/www.lbmb.notaires.fr\/"},{"@type":"ListItem","position":2,"name":"Formalit\u00e9s \u00e0 l&#8217;\u00e9tranger"}]},{"@type":"WebSite","@id":"https:\/\/www.lbmb.notaires.fr\/#website","url":"https:\/\/www.lbmb.notaires.fr\/","name":"LBMB-Notaires","description":"Office notarial","publisher":{"@id":"https:\/\/www.lbmb.notaires.fr\/#organization"},"potentialAction":[{"@type":"SearchAction","target":{"@type":"EntryPoint","urlTemplate":"https:\/\/www.lbmb.notaires.fr\/?s={search_term_string}"},"query-input":{"@type":"PropertyValueSpecification","valueRequired":true,"valueName":"search_term_string"}}],"inLanguage":"en-US"},{"@type":"Organization","@id":"https:\/\/www.lbmb.notaires.fr\/#organization","name":"LBLM Notaires","url":"https:\/\/www.lbmb.notaires.fr\/","logo":{"@type":"ImageObject","inLanguage":"en-US","@id":"https:\/\/www.lbmb.notaires.fr\/#\/schema\/logo\/image\/","url":"https:\/\/www.lbmb-notaires.com\/wp-content\/uploads\/2016\/01\/logo_lbmb_blanc-1.png","contentUrl":"https:\/\/www.lbmb-notaires.com\/wp-content\/uploads\/2016\/01\/logo_lbmb_blanc-1.png","width":107,"height":36,"caption":"LBLM Notaires"},"image":{"@id":"https:\/\/www.lbmb.notaires.fr\/#\/schema\/logo\/image\/"}}]}},"_links":{"self":[{"href":"https:\/\/www.lbmb.notaires.fr\/en\/wp-json\/wp\/v2\/pages\/6103","targetHints":{"allow":["GET"]}}],"collection":[{"href":"https:\/\/www.lbmb.notaires.fr\/en\/wp-json\/wp\/v2\/pages"}],"about":[{"href":"https:\/\/www.lbmb.notaires.fr\/en\/wp-json\/wp\/v2\/types\/page"}],"author":[{"embeddable":true,"href":"https:\/\/www.lbmb.notaires.fr\/en\/wp-json\/wp\/v2\/users\/2"}],"replies":[{"embeddable":true,"href":"https:\/\/www.lbmb.notaires.fr\/en\/wp-json\/wp\/v2\/comments?post=6103"}],"version-history":[{"count":4,"href":"https:\/\/www.lbmb.notaires.fr\/en\/wp-json\/wp\/v2\/pages\/6103\/revisions"}],"predecessor-version":[{"id":6663,"href":"https:\/\/www.lbmb.notaires.fr\/en\/wp-json\/wp\/v2\/pages\/6103\/revisions\/6663"}],"wp:attachment":[{"href":"https:\/\/www.lbmb.notaires.fr\/en\/wp-json\/wp\/v2\/media?parent=6103"}],"curies":[{"name":"wp","href":"https:\/\/api.w.org\/{rel}","templated":true}]}}