{"id":6227,"date":"2018-02-15T14:38:34","date_gmt":"2018-02-15T13:38:34","guid":{"rendered":"http:\/\/www.lbmb.maslindo.com\/?page_id=6227"},"modified":"2025-12-23T10:23:27","modified_gmt":"2025-12-23T09:23:27","slug":"christian-lefebvre","status":"publish","type":"page","link":"https:\/\/www.lbmb.notaires.fr\/en\/christian-lefebvre\/","title":{"rendered":"Christian Lefebvre"},"content":{"rendered":"<p>[vc_row css_animation=&#8221;fadeInRight&#8221;][vc_column css_animation=&#8221;fadeInLeft&#8221; width=&#8221;1\/2&#8243;]    <div class=\"fekra-box-image\">\n                <article class=\"about-post fadeInUp animated\" data-animate=\"fadeInUp\" data-delay=\"200\">\n            <div class=\"img-box\">\n                <img decoding=\"async\" class=\"img-responsive\" src=\"https:\/\/www.lbmb.notaires.fr\/wp-content\/uploads\/2018\/02\/christian-lefebvre.jpg\" alt=\"image description\">\n            <\/div>\n            <h3><\/h3>\n            <div class=\"margin-bottom-23\"><\/div>\n                    <\/article>\n            <\/div>\n    [\/vc_column][vc_column css_animation=&#8221;fadeInRight&#8221; width=&#8221;1\/2&#8243; css=&#8221;.vc_custom_1518023432845{padding-left: 50px !important;}&#8221;]<div id=\"ultimate-heading-391169f360b9d9e2e\" class=\"uvc-heading ult-adjust-bottom-margin ultimate-heading-391169f360b9d9e2e uvc-5285 \" data-hspacer=\"icon_only\"  data-halign=\"left\" style=\"text-align:left\"><div class=\"uvc-main-heading ult-responsive\"  data-ultimate-target='.uvc-heading.ultimate-heading-391169f360b9d9e2e h2'  data-responsive-json-new='{\"font-size\":\"desktop:35px;\",\"line-height\":\"\"}' ><h2 style=\"font-weight:bold;color:#000000;\">Christian Lefebvre<\/h2><\/div><div class=\"uvc-heading-spacer icon_only\" style=\"top\"><div class=\"ult-just-icon-wrapper  \"><div class=\"align-icon\" style=\"text-align:left;\"><\/div><\/div><\/div><\/div>[vc_separator align=&#8221;align_left&#8221; css=&#8221;.vc_custom_1518022643962{padding-top: 10px !important;}&#8221;][vc_column_text]Christian Lefebvre a \u00e9t\u00e9 associ\u00e9 de LBMB de 1976 \u00e0 2018.<\/p>\n<p>Il a exerc\u00e9 pendant plus de 40 ans en assistant une client\u00e8le compos\u00e9e d\u2019acteurs de la grande distribution et d\u2019investisseurs institutionnels, et de particuliers.<\/p>\n<p>Christian Lefebvre a toujours \u00e9t\u00e9 tr\u00e8s impliqu\u00e9 dans les instances de la profession, tant au niveau parisien que national.<\/p>\n<p>Il a si\u00e9g\u00e9 durant 18 ans au Conseil des Prud\u2019hommes de Paris, a \u00e9t\u00e9 Pr\u00e9sident de la Chambre des Notaires de Paris de 2010 \u00e0 2012 et Vice-Pr\u00e9sident du Conseil Sup\u00e9rieur du Notariat de 2015 \u00e0 2017.<\/p>\n<p>Christian Lefebvre a particip\u00e9 activement depuis 1997 aux Congr\u00e8s des Notaires de France et a, notamment, \u00e9t\u00e9 Pr\u00e9sident du 103e Congr\u00e8s des Notaires qui s\u2019est tenu \u00e0 Lyon en 2007 sur le th\u00e8me de : \u00ab La division de l\u2019immeuble : le sol, l\u2019espace, le b\u00e2ti \u00bb.<\/p>\n<p>Il a \u00e9t\u00e9 m\u00e9diateur du notariat de 2018 \u00e0 2025.[\/vc_column_text][vc_column_text]<a href=\"https:\/\/www.linkedin.com\/in\/lefebvre-christian-75299724\/\" target=\"_blank\" rel=\"noopener noreferrer\"><img loading=\"lazy\" decoding=\"async\" class=\"alignnone size-full wp-image-6167\" src=\"https:\/\/www.lbmb-notaires.com\/wp-content\/uploads\/2018\/02\/linkedin.png\" alt=\"\" width=\"56\" height=\"34\" \/><\/a>[\/vc_column_text][\/vc_column][\/vc_row]<\/p>\n","protected":false},"excerpt":{"rendered":"<p>[vc_row css_animation=&#8221;fadeInRight&#8221;][vc_column css_animation=&#8221;fadeInLeft&#8221; width=&#8221;1\/2&#8243;][\/vc_column][vc_column css_animation=&#8221;fadeInRight&#8221; width=&#8221;1\/2&#8243; css=&#8221;.vc_custom_1518023432845{padding-left: 50px !important;}&#8221;][vc_separator align=&#8221;align_left&#8221; css=&#8221;.vc_custom_1518022643962{padding-top: 10px !important;}&#8221;][vc_column_text]Christian Lefebvre a \u00e9t\u00e9 associ\u00e9 de LBMB de 1976 \u00e0 2018. Il a exerc\u00e9 pendant plus de 40 ans en assistant une client\u00e8le compos\u00e9e d\u2019acteurs de la grande distribution et d\u2019investisseurs institutionnels, et de particuliers. Christian Lefebvre a toujours \u00e9t\u00e9 tr\u00e8s impliqu\u00e9 dans [&hellip;]<\/p>\n","protected":false},"author":2,"featured_media":0,"parent":0,"menu_order":0,"comment_status":"closed","ping_status":"closed","template":"","meta":{"footnotes":""},"class_list":["post-6227","page","type-page","status-publish","hentry"],"translation":{"provider":"WPGlobus","version":"3.0.2","language":"en","enabled_languages":["fr","en"],"languages":{"fr":{"title":true,"content":true,"excerpt":false},"en":{"title":false,"content":false,"excerpt":false}}},"yoast_head":"<!-- This site is optimized with the Yoast SEO plugin v27.3 - https:\/\/yoast.com\/product\/yoast-seo-wordpress\/ -->\n<title>Christian Lefebvre - LBMB-Notaires<\/title>\n<meta name=\"robots\" content=\"index, follow, max-snippet:-1, max-image-preview:large, max-video-preview:-1\" \/>\n<link rel=\"canonical\" href=\"https:\/\/www.lbmb.notaires.fr\/christian-lefebvre\/\" \/>\n<meta property=\"og:locale\" content=\"en_US\" \/>\n<meta property=\"og:type\" content=\"article\" \/>\n<meta property=\"og:title\" content=\"Christian Lefebvre - LBMB-Notaires\" \/>\n<meta property=\"og:url\" content=\"https:\/\/www.lbmb.notaires.fr\/christian-lefebvre\/\" \/>\n<meta property=\"og:site_name\" content=\"LBMB-Notaires\" \/>\n<meta property=\"article:modified_time\" content=\"2025-12-23T09:23:27+00:00\" \/>\n<meta property=\"og:image\" content=\"https:\/\/www.lbmb-notaires.com\/wp-content\/uploads\/2018\/02\/linkedin.png\" \/>\n<meta name=\"twitter:card\" content=\"summary_large_image\" \/>\n<meta name=\"twitter:label1\" content=\"Est. reading time\" \/>\n\t<meta name=\"twitter:data1\" content=\"2 minutes\" \/>\n<script type=\"application\/ld+json\" class=\"yoast-schema-graph\">{\"@context\":\"https:\\\/\\\/schema.org\",\"@graph\":[{\"@type\":\"WebPage\",\"@id\":\"https:\\\/\\\/www.lbmb.notaires.fr\\\/christian-lefebvre\\\/\",\"url\":\"https:\\\/\\\/www.lbmb.notaires.fr\\\/christian-lefebvre\\\/\",\"name\":\"Christian Lefebvre - LBMB-Notaires\",\"isPartOf\":{\"@id\":\"https:\\\/\\\/www.lbmb.notaires.fr\\\/#website\"},\"primaryImageOfPage\":{\"@id\":\"https:\\\/\\\/www.lbmb.notaires.fr\\\/christian-lefebvre\\\/#primaryimage\"},\"image\":{\"@id\":\"https:\\\/\\\/www.lbmb.notaires.fr\\\/christian-lefebvre\\\/#primaryimage\"},\"thumbnailUrl\":\"https:\\\/\\\/www.lbmb-notaires.com\\\/wp-content\\\/uploads\\\/2018\\\/02\\\/linkedin.png\",\"datePublished\":\"2018-02-15T13:38:34+00:00\",\"dateModified\":\"2025-12-23T09:23:27+00:00\",\"breadcrumb\":{\"@id\":\"https:\\\/\\\/www.lbmb.notaires.fr\\\/christian-lefebvre\\\/#breadcrumb\"},\"inLanguage\":\"en-US\",\"potentialAction\":[{\"@type\":\"ReadAction\",\"target\":[\"https:\\\/\\\/www.lbmb.notaires.fr\\\/christian-lefebvre\\\/\"]}]},{\"@type\":\"ImageObject\",\"inLanguage\":\"en-US\",\"@id\":\"https:\\\/\\\/www.lbmb.notaires.fr\\\/christian-lefebvre\\\/#primaryimage\",\"url\":\"https:\\\/\\\/www.lbmb-notaires.com\\\/wp-content\\\/uploads\\\/2018\\\/02\\\/linkedin.png\",\"contentUrl\":\"https:\\\/\\\/www.lbmb-notaires.com\\\/wp-content\\\/uploads\\\/2018\\\/02\\\/linkedin.png\"},{\"@type\":\"BreadcrumbList\",\"@id\":\"https:\\\/\\\/www.lbmb.notaires.fr\\\/christian-lefebvre\\\/#breadcrumb\",\"itemListElement\":[{\"@type\":\"ListItem\",\"position\":1,\"name\":\"Accueil\",\"item\":\"https:\\\/\\\/www.lbmb.notaires.fr\\\/\"},{\"@type\":\"ListItem\",\"position\":2,\"name\":\"Christian Lefebvre\"}]},{\"@type\":\"WebSite\",\"@id\":\"https:\\\/\\\/www.lbmb.notaires.fr\\\/#website\",\"url\":\"https:\\\/\\\/www.lbmb.notaires.fr\\\/\",\"name\":\"LBMB-Notaires\",\"description\":\"Office notarial\",\"publisher\":{\"@id\":\"https:\\\/\\\/www.lbmb.notaires.fr\\\/#organization\"},\"potentialAction\":[{\"@type\":\"SearchAction\",\"target\":{\"@type\":\"EntryPoint\",\"urlTemplate\":\"https:\\\/\\\/www.lbmb.notaires.fr\\\/?s={search_term_string}\"},\"query-input\":{\"@type\":\"PropertyValueSpecification\",\"valueRequired\":true,\"valueName\":\"search_term_string\"}}],\"inLanguage\":\"en-US\"},{\"@type\":\"Organization\",\"@id\":\"https:\\\/\\\/www.lbmb.notaires.fr\\\/#organization\",\"name\":\"LBLM Notaires\",\"url\":\"https:\\\/\\\/www.lbmb.notaires.fr\\\/\",\"logo\":{\"@type\":\"ImageObject\",\"inLanguage\":\"en-US\",\"@id\":\"https:\\\/\\\/www.lbmb.notaires.fr\\\/#\\\/schema\\\/logo\\\/image\\\/\",\"url\":\"https:\\\/\\\/www.lbmb-notaires.com\\\/wp-content\\\/uploads\\\/2016\\\/01\\\/logo_lbmb_blanc-1.png\",\"contentUrl\":\"https:\\\/\\\/www.lbmb-notaires.com\\\/wp-content\\\/uploads\\\/2016\\\/01\\\/logo_lbmb_blanc-1.png\",\"width\":107,\"height\":36,\"caption\":\"LBLM Notaires\"},\"image\":{\"@id\":\"https:\\\/\\\/www.lbmb.notaires.fr\\\/#\\\/schema\\\/logo\\\/image\\\/\"}}]}<\/script>\n<!-- \/ Yoast SEO plugin. -->","yoast_head_json":{"title":"Christian Lefebvre - LBMB-Notaires","robots":{"index":"index","follow":"follow","max-snippet":"max-snippet:-1","max-image-preview":"max-image-preview:large","max-video-preview":"max-video-preview:-1"},"canonical":"https:\/\/www.lbmb.notaires.fr\/christian-lefebvre\/","og_locale":"en_US","og_type":"article","og_title":"Christian Lefebvre - LBMB-Notaires","og_url":"https:\/\/www.lbmb.notaires.fr\/christian-lefebvre\/","og_site_name":"LBMB-Notaires","article_modified_time":"2025-12-23T09:23:27+00:00","og_image":[{"url":"https:\/\/www.lbmb-notaires.com\/wp-content\/uploads\/2018\/02\/linkedin.png","type":"","width":"","height":""}],"twitter_card":"summary_large_image","twitter_misc":{"Est. reading time":"2 minutes"},"schema":{"@context":"https:\/\/schema.org","@graph":[{"@type":"WebPage","@id":"https:\/\/www.lbmb.notaires.fr\/christian-lefebvre\/","url":"https:\/\/www.lbmb.notaires.fr\/christian-lefebvre\/","name":"Christian Lefebvre - LBMB-Notaires","isPartOf":{"@id":"https:\/\/www.lbmb.notaires.fr\/#website"},"primaryImageOfPage":{"@id":"https:\/\/www.lbmb.notaires.fr\/christian-lefebvre\/#primaryimage"},"image":{"@id":"https:\/\/www.lbmb.notaires.fr\/christian-lefebvre\/#primaryimage"},"thumbnailUrl":"https:\/\/www.lbmb-notaires.com\/wp-content\/uploads\/2018\/02\/linkedin.png","datePublished":"2018-02-15T13:38:34+00:00","dateModified":"2025-12-23T09:23:27+00:00","breadcrumb":{"@id":"https:\/\/www.lbmb.notaires.fr\/christian-lefebvre\/#breadcrumb"},"inLanguage":"en-US","potentialAction":[{"@type":"ReadAction","target":["https:\/\/www.lbmb.notaires.fr\/christian-lefebvre\/"]}]},{"@type":"ImageObject","inLanguage":"en-US","@id":"https:\/\/www.lbmb.notaires.fr\/christian-lefebvre\/#primaryimage","url":"https:\/\/www.lbmb-notaires.com\/wp-content\/uploads\/2018\/02\/linkedin.png","contentUrl":"https:\/\/www.lbmb-notaires.com\/wp-content\/uploads\/2018\/02\/linkedin.png"},{"@type":"BreadcrumbList","@id":"https:\/\/www.lbmb.notaires.fr\/christian-lefebvre\/#breadcrumb","itemListElement":[{"@type":"ListItem","position":1,"name":"Accueil","item":"https:\/\/www.lbmb.notaires.fr\/"},{"@type":"ListItem","position":2,"name":"Christian Lefebvre"}]},{"@type":"WebSite","@id":"https:\/\/www.lbmb.notaires.fr\/#website","url":"https:\/\/www.lbmb.notaires.fr\/","name":"LBMB-Notaires","description":"Office notarial","publisher":{"@id":"https:\/\/www.lbmb.notaires.fr\/#organization"},"potentialAction":[{"@type":"SearchAction","target":{"@type":"EntryPoint","urlTemplate":"https:\/\/www.lbmb.notaires.fr\/?s={search_term_string}"},"query-input":{"@type":"PropertyValueSpecification","valueRequired":true,"valueName":"search_term_string"}}],"inLanguage":"en-US"},{"@type":"Organization","@id":"https:\/\/www.lbmb.notaires.fr\/#organization","name":"LBLM Notaires","url":"https:\/\/www.lbmb.notaires.fr\/","logo":{"@type":"ImageObject","inLanguage":"en-US","@id":"https:\/\/www.lbmb.notaires.fr\/#\/schema\/logo\/image\/","url":"https:\/\/www.lbmb-notaires.com\/wp-content\/uploads\/2016\/01\/logo_lbmb_blanc-1.png","contentUrl":"https:\/\/www.lbmb-notaires.com\/wp-content\/uploads\/2016\/01\/logo_lbmb_blanc-1.png","width":107,"height":36,"caption":"LBLM Notaires"},"image":{"@id":"https:\/\/www.lbmb.notaires.fr\/#\/schema\/logo\/image\/"}}]}},"_links":{"self":[{"href":"https:\/\/www.lbmb.notaires.fr\/en\/wp-json\/wp\/v2\/pages\/6227","targetHints":{"allow":["GET"]}}],"collection":[{"href":"https:\/\/www.lbmb.notaires.fr\/en\/wp-json\/wp\/v2\/pages"}],"about":[{"href":"https:\/\/www.lbmb.notaires.fr\/en\/wp-json\/wp\/v2\/types\/page"}],"author":[{"embeddable":true,"href":"https:\/\/www.lbmb.notaires.fr\/en\/wp-json\/wp\/v2\/users\/2"}],"replies":[{"embeddable":true,"href":"https:\/\/www.lbmb.notaires.fr\/en\/wp-json\/wp\/v2\/comments?post=6227"}],"version-history":[{"count":8,"href":"https:\/\/www.lbmb.notaires.fr\/en\/wp-json\/wp\/v2\/pages\/6227\/revisions"}],"predecessor-version":[{"id":7453,"href":"https:\/\/www.lbmb.notaires.fr\/en\/wp-json\/wp\/v2\/pages\/6227\/revisions\/7453"}],"wp:attachment":[{"href":"https:\/\/www.lbmb.notaires.fr\/en\/wp-json\/wp\/v2\/media?parent=6227"}],"curies":[{"name":"wp","href":"https:\/\/api.w.org\/{rel}","templated":true}]}}