{"id":6943,"date":"2021-07-16T10:25:12","date_gmt":"2021-07-16T08:25:12","guid":{"rendered":"https:\/\/www.lbmb-notaires.com\/?page_id=6943"},"modified":"2025-07-10T16:19:06","modified_gmt":"2025-07-10T14:19:06","slug":"nos-services-negociation-immobiliere","status":"publish","type":"page","link":"https:\/\/www.lbmb.notaires.fr\/en\/nos-services\/nos-services-negociation-immobiliere\/","title":{"rendered":"Real Estate Negotiation"},"content":{"rendered":"<p>[vc_row][vc_column][vc_empty_space height=&#8221;64px&#8221;][\/vc_column][\/vc_row][vc_row el_class=&#8221;about-section padding-top-60&#8243;][vc_column]    <div class=\"fekra-heading-style\">\n        <header class=\"page-heading text-center small\">\n                                        <h2 class=\"text-capitalize font-medium heading lime \">Real Estate Negotiation<\/h2>\n                                    <\/header>\n    <\/div>\n    [\/vc_column][\/vc_row][vc_row el_class=&#8221;padding-top-10 padding-bottom-90&#8243;][vc_column width=&#8221;2\/3&#8243;][vc_column_text]<span style=\"color: #000000;\"><strong>Real Estate Sales: Tailored Support<\/strong><\/span><\/p>\n<p>Looking to sell a property?<\/p>\n<p>Our real estate negotiation service provides in-depth market expertise and comprehensive assistance throughout the entire sales process.<br \/>\nFrom valuation to the final signing, we stand by your side to ensure a smooth, secure transaction under the best possible conditions :<\/p>\n<p>\u2022 Accurate property valuation by a real estate expert<br \/>\n\u2022 Showcasing your property and organizing viewings<br \/>\n\u2022 Targeted search for qualified buyers<br \/>\n\u2022 Receipt and analysis of purchase offers<br \/>\n\u2022 Negotiation, drafting, and signing of the preliminary sale agreement<br \/>\n\u2022 Support all the way through to the final deed of sale<\/p>\n<p>\u2705 Expertise, responsiveness, and transparency are at the heart of our commitment.<\/p>\n<p>Trust our team to maximize the value of your real estate assets.<\/p>\n<p>The negotiation fee applied by LBMB Notaires is calculated according to the following rates<br \/>\n\u2013 6,00% VAT incl. for a net selling price of \u20ac 200 000 or less,<br \/>\n\u2013 4,5% VAT incl. for a net selling price between \u20ac 200 001 and \u20ac 500 000,<br \/>\n\u2013 3,9% VAT incl. for a net selling price between \u20ac 500 001 \u20ac and \u20ac 1 800 000,<br \/>\n\u2013 3% VAT incl. for a net selling price higher than \u20ac 1 800 000 \u20ac.[\/vc_column_text][vc_row_inner][vc_column_inner width=&#8221;3\/4&#8243;][vc_column_text]<strong>Contact Negotiation Department:<\/strong><\/p>\n<p>Gabrielle GUILLAUME<br \/>\nEmail : <a href=\"mailto:gabrielle.guillaume@lbmb.notaires.fr\">gabrielle.guillaume@lbmb.notaires.fr<\/a><br \/>\nT\u00e9l\u00e9phone : +33 6 63 62 30 41[\/vc_column_text][\/vc_column_inner][\/vc_row_inner][\/vc_column][vc_column width=&#8221;1\/3&#8243;][vc_single_image image=&#8221;7431&#8243; img_size=&#8221;full&#8221;][\/vc_column][\/vc_row][vc_row disable_element=&#8221;yes&#8221; el_class=&#8221;padding-top-10 padding-bottom-90&#8243;][vc_column][vc_row_inner][vc_column_inner el_class=&#8221;padding-top-60 padding-sm-topzero&#8221; width=&#8221;1\/2&#8243; offset=&#8221;vc_col-lg-4 vc_col-md-4&#8243;]    <div class=\"fekra-icon-advanced padding-bottom-30\">\n                    <div class=\"f-iconbox type1 fekra-icon-align-right fekra-icon-type-rounded\">\n                <span class=\"icon d_block fekra-icon-size-md\">\n                    <i class=\"fa fa-magic\"><\/i>                <\/span>\n                <h3 class=\"title\">Organisation autour de p\u00f4les de comp\u00e9tences<\/h3>\n                <div><p>L\u2019inflation l\u00e9gislative et la complexification du droit imposent une sp\u00e9cialisation. LBMB est organis\u00e9 autour de p\u00f4les de comp\u00e9tences compos\u00e9s de juristes reconnus dans leur domaine.<\/p>\n<\/div>\n                            <\/div>\n                <\/div>\n        <div class=\"fekra-icon-advanced padding-bottom-30\">\n                    <div class=\"f-iconbox type1 fekra-icon-align-right fekra-icon-type-rounded\">\n                <span class=\"icon d_block fekra-icon-size-md\">\n                    <i class=\"fa fa-cog\"><\/i>                <\/span>\n                <h3 class=\"title\">Expertise \/ comp\u00e9tence juridique<\/h3>\n                <div><p>Les notaires et collaborateurs de LBMB disposent chacun dans leur domaine de l\u2019expertise et des comp\u00e9tences adapt\u00e9es.<\/p>\n<\/div>\n                            <\/div>\n                <\/div>\n        <div class=\"fekra-icon-advanced padding-bottom-30\">\n                    <div class=\"f-iconbox type1 fekra-icon-align-right fekra-icon-type-rounded\">\n                <span class=\"icon d_block fekra-icon-size-md\">\n                    <i class=\"fa fa-umbrella\"><\/i>                <\/span>\n                <h3 class=\"title\">Disponibilit\u00e9<\/h3>\n                <div><p>La disponibilit\u00e9 est l\u2019un des trois engagements essentiels des \u00e9quipes de\u00a0LBMB\u00a0au travers de notre charte.<\/p>\n<\/div>\n                            <\/div>\n                <\/div>\n    [\/vc_column_inner][vc_column_inner width=&#8221;1\/2&#8243; offset=&#8221;vc_col-lg-4 vc_col-md-4 vc_hidden-sm vc_hidden-xs&#8221;][vc_single_image image=&#8221;5788&#8243; img_size=&#8221;full&#8221; alignment=&#8221;center&#8221; css=&#8221;.vc_custom_1512141845806{margin-bottom: 0px !important;}&#8221;][\/vc_column_inner][vc_column_inner el_class=&#8221;padding-top-60 padding-sm-topzero&#8221; width=&#8221;1\/2&#8243; offset=&#8221;vc_col-lg-4 vc_col-md-4&#8243;]    <div class=\"fekra-icon-advanced padding-bottom-30\">\n                    <div class=\"f-iconbox type1 fekra-icon-align-left fekra-icon-type-rounded\">\n                <span class=\"icon d_block fekra-icon-size-md\">\n                    <i class=\"fa fa-eye\"><\/i>                <\/span>\n                <h3 class=\"title\">R\u00e9activit\u00e9<\/h3>\n                <div><p>Notre disponibilit\u00e9 est indissociable d\u2019une r\u00e9activit\u00e9 afin de vous apporter des r\u00e9ponses dans les d\u00e9lais ad\u00e9quats.<\/p>\n<\/div>\n                            <\/div>\n                <\/div>\n        <div class=\"fekra-icon-advanced padding-bottom-30\">\n                    <div class=\"f-iconbox type1 fekra-icon-align-left fekra-icon-type-rounded\">\n                <span class=\"icon d_block fekra-icon-size-md\">\n                    <i class=\"fa fa-life-ring\"><\/i>                <\/span>\n                <h3 class=\"title\">Ecoute<\/h3>\n                <div><p>Les \u00e9quipes de LBMB sont \u00e0 l\u2019\u00e9coute de vos attentes et pr\u00e9occupations pour vous proposer des r\u00e9ponses adapt\u00e9es.<\/p>\n<\/div>\n                            <\/div>\n                <\/div>\n        <div class=\"fekra-icon-advanced padding-bottom-30\">\n                    <div class=\"f-iconbox type1 fekra-icon-align-left fekra-icon-type-rounded\">\n                <span class=\"icon d_block fekra-icon-size-md\">\n                    <i class=\"fa fa-expand\"><\/i>                <\/span>\n                <h3 class=\"title\">RIGUEUR<\/h3>\n                <div><p>La rigueur est \u00e9galement un des trois piliers de la charte de LBMB.<\/p>\n<\/div>\n                            <\/div>\n                <\/div>\n    [\/vc_column_inner][\/vc_row_inner][\/vc_column][\/vc_row][vc_row disable_element=&#8221;yes&#8221;][vc_column width=&#8221;1\/4&#8243;]<div class=\"flip-box-wrap\" style=\"\"><div class=\"flip-box ifb-custom-height  horizontal_flip_left flip-box-custom-height flip-ifb-custom-height\"  style=\"\"  data-min-height='300px'><div class=\"ifb-flip-box\" id=\"flip-box-wrap-8784\"><div class=\"ifb-face ifb-front \" style=\"color:#333333;background:#ffffff; border-width: 0px;border-style: solid; border-color:#2f6583;\">\n\t\t\t\t\t\t\t<div class=\"ifb-flip-box-section \">\n\t\t\t\t\t\t\t<div class=\"flip-box-icon\"><div class=\"ult-just-icon-wrapper  \"><div class=\"align-icon\" style=\"text-align:center;\">\n<div class=\"aio-icon-img \" style=\"font-size:270px;display:inline-block;\" >\n\t<img decoding=\"async\" class=\"img-icon\" alt=\"droit-des-societes-or\" src=\"https:\/\/www.lbmb.notaires.fr\/wp-content\/uploads\/2017\/02\/droit-des-societes-or.jpg\"\/>\n<\/div><\/div><\/div><\/div><h3 class=\"ult-responsive\"  data-ultimate-target='#flip-box-wrap-8784 h3.ult-responsive'  data-responsive-json-new='{\"font-size\":\"\",\"line-height\":\"\"}'  style=\"color:#333333; \">DROIT DES SOCIETES<\/h3><\/div><\/div><!-- END .front -->\n\t\t\t\t\t\t<div class=\"ifb-face ifb-back\" style=\"color:#333333;background:#ffffff; border-width: 0px;border-style: solid; border-color:#2f6583;\">\n\t\t\t\t\t\t\t<div class=\"ifb-flip-box-section \"><div class=\"ifb-desc-back\"><div class=\"ifb-flip-box-section-content ult-responsive\"  data-ultimate-target='#flip-box-wrap-8784 .ult-responsive'  data-responsive-json-new='{\"font-size\":\"\",\"line-height\":\"\"}'  style=\"color:#333333;color:#333333;\"><p>LBMB vous accompagne \u00e0 toutes les \u00e9tapes de la vie de votre entreprise. Par ailleurs, LBMB accompagne les dirigeants d\u2019entreprises dans leurs projets de transmission et de structuration soci\u00e9taire de leur patrimoine, notamment en \u00e9troite collaboration avec le d\u00e9partement de droit patrimonial.<\/p><\/div><\/div><div class=\"flip_link\"><a href = \"http:\/\/www.lbmb-notaires.com\/droit-des-societes\/\"  style=\"background:#333333; color:#ffffff;\">En savoir plus<\/a><\/div><\/div><\/div><!-- END .back --><\/div> <!-- ifb-flip-box --><\/div> <!-- flip-box --><\/div><!-- End icon block -->[\/vc_column][vc_column width=&#8221;1\/4&#8243;]<div class=\"flip-box-wrap\" style=\"\"><div class=\"flip-box ifb-custom-height  horizontal_flip_left flip-box-custom-height flip-ifb-custom-height\"  style=\"\"  data-min-height='300px'><div class=\"ifb-flip-box\" id=\"flip-box-wrap-4036\"><div class=\"ifb-face ifb-front \" style=\"color:#333333;background:#ffffff; border-width: 0px;border-style: solid; border-color:#2f6583;\">\n\t\t\t\t\t\t\t<div class=\"ifb-flip-box-section \">\n\t\t\t\t\t\t\t<div class=\"flip-box-icon\"><div class=\"ult-just-icon-wrapper  \"><div class=\"align-icon\" style=\"text-align:center;\">\n<div class=\"aio-icon-img \" style=\"font-size:270px;display:inline-block;\" >\n\t<img decoding=\"async\" class=\"img-icon\" alt=\"bail-commercial-or\" src=\"https:\/\/www.lbmb.notaires.fr\/wp-content\/uploads\/2017\/02\/bail-commercial-or.jpg\"\/>\n<\/div><\/div><\/div><\/div><h3 class=\"ult-responsive\"  data-ultimate-target='#flip-box-wrap-4036 h3.ult-responsive'  data-responsive-json-new='{\"font-size\":\"\",\"line-height\":\"\"}'  style=\"color:#333333; \">DROIT COMMERCIAL \/ BAUX<\/h3><\/div><\/div><!-- END .front -->\n\t\t\t\t\t\t<div class=\"ifb-face ifb-back\" style=\"color:#333333;background:#ffffff; border-width: 0px;border-style: solid; border-color:#2f6583;\">\n\t\t\t\t\t\t\t<div class=\"ifb-flip-box-section \"><div class=\"ifb-desc-back\"><div class=\"ifb-flip-box-section-content ult-responsive\"  data-ultimate-target='#flip-box-wrap-4036 .ult-responsive'  data-responsive-json-new='{\"font-size\":\"\",\"line-height\":\"\"}'  style=\"color:#333333;color:#333333;\"><p>LBMB vous assiste pour les op\u00e9rations relatives aux baux civils et commerciaux, fonds de commerce, contrats de cr\u00e9dit-bail immobilier, de financement et refinancement.<br \/>\nLBMB intervient \u00e9galement dans la n\u00e9gociation et la r\u00e9daction de contrats commerciaux, et en droit de la propri\u00e9t\u00e9 intellectuelle.<\/p><\/div><\/div><div class=\"flip_link\"><a href = \"http:\/\/www.lbmb-notaires.com\/droit-commercial-baux\/\"  style=\"background:#333333; color:#ffffff;\">En savoir plus<\/a><\/div><\/div><\/div><!-- END .back --><\/div> <!-- ifb-flip-box --><\/div> <!-- flip-box --><\/div><!-- End icon block -->[\/vc_column][vc_column width=&#8221;1\/4&#8243;]<div class=\"flip-box-wrap\" style=\"\"><div class=\"flip-box ifb-custom-height  horizontal_flip_left flip-box-custom-height flip-ifb-custom-height\"  style=\"\"  data-min-height='300px'><div class=\"ifb-flip-box\" id=\"flip-box-wrap-2259\"><div class=\"ifb-face ifb-front \" style=\"color:#333333;background:#ffffff; border-width: 0px;border-style: solid; border-color:#2f6583;\">\n\t\t\t\t\t\t\t<div class=\"ifb-flip-box-section \">\n\t\t\t\t\t\t\t<div class=\"flip-box-icon\"><div class=\"ult-just-icon-wrapper  \"><div class=\"align-icon\" style=\"text-align:center;\">\n<div class=\"aio-icon-img \" style=\"font-size:270px;display:inline-block;\" >\n\t<img decoding=\"async\" class=\"img-icon\" alt=\"fusion-acquisition-or\" src=\"https:\/\/www.lbmb.notaires.fr\/wp-content\/uploads\/2017\/02\/fusion-acquisition-or.jpg\"\/>\n<\/div><\/div><\/div><\/div><h3 class=\"ult-responsive\"  data-ultimate-target='#flip-box-wrap-2259 h3.ult-responsive'  data-responsive-json-new='{\"font-size\":\"\",\"line-height\":\"\"}'  style=\"color:#333333; \">FUSIONS \/ ACQUISITIONS<\/h3><\/div><\/div><!-- END .front -->\n\t\t\t\t\t\t<div class=\"ifb-face ifb-back\" style=\"color:#333333;background:#ffffff; border-width: 0px;border-style: solid; border-color:#2f6583;\">\n\t\t\t\t\t\t\t<div class=\"ifb-flip-box-section \"><div class=\"ifb-desc-back\"><div class=\"ifb-flip-box-section-content ult-responsive\"  data-ultimate-target='#flip-box-wrap-2259 .ult-responsive'  data-responsive-json-new='{\"font-size\":\"\",\"line-height\":\"\"}'  style=\"color:#333333;color:#333333;\"><p>LBMB conseille des acteurs financiers, industriels et de services, tant fran\u00e7ais qu\u2019\u00e9trangers, dans des op\u00e9rations de fusion, restructuration, LBO, acquisition et cession d\u2019entreprises.<\/p><\/div><\/div><div class=\"flip_link\"><a href = \"http:\/\/www.lbmb-notaires.com\/fusions-acquisitions\/\"  style=\"background:#333333; color:#ffffff;\">En savoir plus<\/a><\/div><\/div><\/div><!-- END .back --><\/div> <!-- ifb-flip-box --><\/div> <!-- flip-box --><\/div><!-- End icon block -->[\/vc_column][vc_column width=&#8221;1\/4&#8243;]<div class=\"flip-box-wrap\" style=\"\"><div class=\"flip-box ifb-custom-height  horizontal_flip_left flip-box-custom-height flip-ifb-custom-height\"  style=\"\"  data-min-height='300px'><div class=\"ifb-flip-box\" id=\"flip-box-wrap-6128\"><div class=\"ifb-face ifb-front \" style=\"color:#333333;background:#ffffff; border-width: 0px;border-style: solid; border-color:#2f6583;\">\n\t\t\t\t\t\t\t<div class=\"ifb-flip-box-section \">\n\t\t\t\t\t\t\t<div class=\"flip-box-icon\"><div class=\"ult-just-icon-wrapper  \"><div class=\"align-icon\" style=\"text-align:center;\">\n<div class=\"aio-icon-img \" style=\"font-size:270px;display:inline-block;\" >\n\t<img decoding=\"async\" class=\"img-icon\" alt=\"formalite-etranger-or\" src=\"https:\/\/www.lbmb.notaires.fr\/wp-content\/uploads\/2017\/02\/formalite-etranger-or.jpg\"\/>\n<\/div><\/div><\/div><\/div><h3 class=\"ult-responsive\"  data-ultimate-target='#flip-box-wrap-6128 h3.ult-responsive'  data-responsive-json-new='{\"font-size\":\"\",\"line-height\":\"\"}'  style=\"color:#333333; \">FORMALITES A L'ETRANGER<\/h3><\/div><\/div><!-- END .front -->\n\t\t\t\t\t\t<div class=\"ifb-face ifb-back\" style=\"color:#333333;background:#ffffff; border-width: 0px;border-style: solid; border-color:#2f6583;\">\n\t\t\t\t\t\t\t<div class=\"ifb-flip-box-section \"><div class=\"ifb-desc-back\"><div class=\"ifb-flip-box-section-content ult-responsive\"  data-ultimate-target='#flip-box-wrap-6128 .ult-responsive'  data-responsive-json-new='{\"font-size\":\"\",\"line-height\":\"\"}'  style=\"color:#333333;color:#333333;\"><p>LBMB dispose d\u2019une \u00e9quipe d\u00e9di\u00e9e pour accomplir vos formalit\u00e9s de certification (de pouvoir ou de signature), apostille, l\u00e9galisation.<br \/>\nNous vous accompagnons \u00e9galement avec nos partenaires, d\u00e8s lors que les documents doivent \u00eatre traduits.<br \/>\nVous pouvez nous adresser vos demandes \u00e0 lbmb.certifications@paris.notaires.fr. <\/p><\/div><\/div><div class=\"flip_link\"><a href = \"http:\/\/www.lbmb-notaires.com\/formalites-a-letranger\/\"  style=\"background:#333333; color:#ffffff;\">En savoir plus<\/a><\/div><\/div><\/div><!-- END .back --><\/div> <!-- ifb-flip-box --><\/div> <!-- flip-box --><\/div><!-- End icon block -->[\/vc_column][\/vc_row][vc_row disable_element=&#8221;yes&#8221; css=&#8221;.vc_custom_1626423886790{padding-top: 40px !important;padding-bottom: 50px !important;}&#8221;][vc_column][vc_separator][\/vc_column][\/vc_row][vc_row disable_element=&#8221;yes&#8221;][vc_column]    <div class=\"fekra-heading-style\">\n        <header class=\"page-heading text-center small\">\n                                        <h2 class=\"text-capitalize font-medium heading lime \">VOS INTERLOCUTEURS<\/h2>\n                                    <\/header>\n    <\/div>\n    [\/vc_column][\/vc_row][vc_row disable_element=&#8221;yes&#8221;][vc_column width=&#8221;1\/4&#8243;][vc_single_image image=&#8221;6243&#8243; img_size=&#8221;full&#8221; onclick=&#8221;custom_link&#8221; link=&#8221;http:\/\/www.lbmb-notaires.com\/charles-edouard-peschard\/&#8221;][vc_column_text]<\/p>\n<p style=\"text-align: center;\">CHARLES-EDOUARD PESCHARD<\/p>\n<p>[\/vc_column_text][\/vc_column][vc_column width=&#8221;1\/4&#8243;][vc_single_image image=&#8221;6256&#8243; img_size=&#8221;full&#8221; onclick=&#8221;custom_link&#8221; link=&#8221;http:\/\/www.lbmb-notaires.com\/pierre-olivier-jeanjean\/&#8221;][vc_column_text]<\/p>\n<p style=\"text-align: center;\">PIERRE-OLIVIER JEANJEAN<\/p>\n<p>[\/vc_column_text][\/vc_column][vc_column width=&#8221;1\/4&#8243;][vc_single_image image=&#8221;6317&#8243; img_size=&#8221;full&#8221; onclick=&#8221;custom_link&#8221; link=&#8221;http:\/\/www.lbmb-notaires.com\/susanne-schmidt-alric\/&#8221;][vc_column_text]<\/p>\n<p style=\"text-align: center;\">SUSANNE SCHMIDT-ALRIC<\/p>\n<p>[\/vc_column_text][\/vc_column][vc_column width=&#8221;1\/4&#8243;][\/vc_column][\/vc_row][vc_row css=&#8221;.vc_custom_1513428703353{padding-top: 20px !important;padding-bottom: 20px !important;}&#8221;][vc_column][vc_separator][\/vc_column][\/vc_row]<\/p>\n","protected":false},"excerpt":{"rendered":"<p>[vc_row][vc_column][vc_empty_space height=&#8221;64px&#8221;][\/vc_column][\/vc_row][vc_row el_class=&#8221;about-section padding-top-60&#8243;][vc_column][\/vc_column][\/vc_row][vc_row el_class=&#8221;padding-top-10 padding-bottom-90&#8243;][vc_column width=&#8221;2\/3&#8243;][vc_column_text]Real Estate Sales: Tailored Support Looking to sell a property? Our real estate negotiation service provides in-depth market expertise and comprehensive assistance throughout the entire sales process. From valuation to the final signing, we stand by your side to ensure a smooth, secure transaction under the best possible conditions [&hellip;]<\/p>\n","protected":false},"author":2,"featured_media":0,"parent":4870,"menu_order":0,"comment_status":"closed","ping_status":"closed","template":"","meta":{"footnotes":""},"class_list":["post-6943","page","type-page","status-publish","hentry"],"translation":{"provider":"WPGlobus","version":"3.0.2","language":"en","enabled_languages":["fr","en"],"languages":{"fr":{"title":true,"content":true,"excerpt":false},"en":{"title":true,"content":true,"excerpt":false}}},"yoast_head":"<!-- This site is optimized with the Yoast SEO plugin v27.3 - https:\/\/yoast.com\/product\/yoast-seo-wordpress\/ -->\n<title>Real Estate Negotiation - LBMB-Notaires<\/title>\n<meta name=\"robots\" content=\"index, follow, max-snippet:-1, max-image-preview:large, max-video-preview:-1\" \/>\n<link rel=\"canonical\" href=\"https:\/\/www.lbmb.notaires.fr\/nos-services\/nos-services-negociation-immobiliere\/\" \/>\n<meta property=\"og:locale\" content=\"en_US\" \/>\n<meta property=\"og:type\" content=\"article\" \/>\n<meta property=\"og:title\" content=\"Real Estate Negotiation - LBMB-Notaires\" \/>\n<meta property=\"og:url\" content=\"https:\/\/www.lbmb.notaires.fr\/nos-services\/nos-services-negociation-immobiliere\/\" \/>\n<meta property=\"og:site_name\" content=\"LBMB-Notaires\" \/>\n<meta property=\"article:modified_time\" content=\"2025-07-10T14:19:06+00:00\" \/>\n<meta name=\"twitter:card\" content=\"summary_large_image\" \/>\n<meta name=\"twitter:label1\" content=\"Est. reading time\" \/>\n\t<meta name=\"twitter:data1\" content=\"4 minutes\" \/>\n<script type=\"application\/ld+json\" class=\"yoast-schema-graph\">{\"@context\":\"https:\\\/\\\/schema.org\",\"@graph\":[{\"@type\":\"WebPage\",\"@id\":\"https:\\\/\\\/www.lbmb.notaires.fr\\\/nos-services\\\/nos-services-negociation-immobiliere\\\/\",\"url\":\"https:\\\/\\\/www.lbmb.notaires.fr\\\/nos-services\\\/nos-services-negociation-immobiliere\\\/\",\"name\":\"Real Estate Negotiation - LBMB-Notaires\",\"isPartOf\":{\"@id\":\"https:\\\/\\\/www.lbmb.notaires.fr\\\/#website\"},\"datePublished\":\"2021-07-16T08:25:12+00:00\",\"dateModified\":\"2025-07-10T14:19:06+00:00\",\"breadcrumb\":{\"@id\":\"https:\\\/\\\/www.lbmb.notaires.fr\\\/nos-services\\\/nos-services-negociation-immobiliere\\\/#breadcrumb\"},\"inLanguage\":\"en-US\",\"potentialAction\":[{\"@type\":\"ReadAction\",\"target\":[\"https:\\\/\\\/www.lbmb.notaires.fr\\\/nos-services\\\/nos-services-negociation-immobiliere\\\/\"]}]},{\"@type\":\"BreadcrumbList\",\"@id\":\"https:\\\/\\\/www.lbmb.notaires.fr\\\/nos-services\\\/nos-services-negociation-immobiliere\\\/#breadcrumb\",\"itemListElement\":[{\"@type\":\"ListItem\",\"position\":1,\"name\":\"Accueil\",\"item\":\"https:\\\/\\\/www.lbmb.notaires.fr\\\/\"},{\"@type\":\"ListItem\",\"position\":2,\"name\":\"Nos services\",\"item\":\"https:\\\/\\\/www.lbmb.notaires.fr\\\/nos-services\\\/\"},{\"@type\":\"ListItem\",\"position\":3,\"name\":\"Nos services &#8211; N\u00e9gociation immobili\u00e8re\"}]},{\"@type\":\"WebSite\",\"@id\":\"https:\\\/\\\/www.lbmb.notaires.fr\\\/#website\",\"url\":\"https:\\\/\\\/www.lbmb.notaires.fr\\\/\",\"name\":\"LBMB-Notaires\",\"description\":\"Office notarial\",\"publisher\":{\"@id\":\"https:\\\/\\\/www.lbmb.notaires.fr\\\/#organization\"},\"potentialAction\":[{\"@type\":\"SearchAction\",\"target\":{\"@type\":\"EntryPoint\",\"urlTemplate\":\"https:\\\/\\\/www.lbmb.notaires.fr\\\/?s={search_term_string}\"},\"query-input\":{\"@type\":\"PropertyValueSpecification\",\"valueRequired\":true,\"valueName\":\"search_term_string\"}}],\"inLanguage\":\"en-US\"},{\"@type\":\"Organization\",\"@id\":\"https:\\\/\\\/www.lbmb.notaires.fr\\\/#organization\",\"name\":\"LBLM Notaires\",\"url\":\"https:\\\/\\\/www.lbmb.notaires.fr\\\/\",\"logo\":{\"@type\":\"ImageObject\",\"inLanguage\":\"en-US\",\"@id\":\"https:\\\/\\\/www.lbmb.notaires.fr\\\/#\\\/schema\\\/logo\\\/image\\\/\",\"url\":\"https:\\\/\\\/www.lbmb-notaires.com\\\/wp-content\\\/uploads\\\/2016\\\/01\\\/logo_lbmb_blanc-1.png\",\"contentUrl\":\"https:\\\/\\\/www.lbmb-notaires.com\\\/wp-content\\\/uploads\\\/2016\\\/01\\\/logo_lbmb_blanc-1.png\",\"width\":107,\"height\":36,\"caption\":\"LBLM Notaires\"},\"image\":{\"@id\":\"https:\\\/\\\/www.lbmb.notaires.fr\\\/#\\\/schema\\\/logo\\\/image\\\/\"}}]}<\/script>\n<!-- \/ Yoast SEO plugin. -->","yoast_head_json":{"title":"Real Estate Negotiation - LBMB-Notaires","robots":{"index":"index","follow":"follow","max-snippet":"max-snippet:-1","max-image-preview":"max-image-preview:large","max-video-preview":"max-video-preview:-1"},"canonical":"https:\/\/www.lbmb.notaires.fr\/nos-services\/nos-services-negociation-immobiliere\/","og_locale":"en_US","og_type":"article","og_title":"Real Estate Negotiation - LBMB-Notaires","og_url":"https:\/\/www.lbmb.notaires.fr\/nos-services\/nos-services-negociation-immobiliere\/","og_site_name":"LBMB-Notaires","article_modified_time":"2025-07-10T14:19:06+00:00","twitter_card":"summary_large_image","twitter_misc":{"Est. reading time":"4 minutes"},"schema":{"@context":"https:\/\/schema.org","@graph":[{"@type":"WebPage","@id":"https:\/\/www.lbmb.notaires.fr\/nos-services\/nos-services-negociation-immobiliere\/","url":"https:\/\/www.lbmb.notaires.fr\/nos-services\/nos-services-negociation-immobiliere\/","name":"Real Estate Negotiation - LBMB-Notaires","isPartOf":{"@id":"https:\/\/www.lbmb.notaires.fr\/#website"},"datePublished":"2021-07-16T08:25:12+00:00","dateModified":"2025-07-10T14:19:06+00:00","breadcrumb":{"@id":"https:\/\/www.lbmb.notaires.fr\/nos-services\/nos-services-negociation-immobiliere\/#breadcrumb"},"inLanguage":"en-US","potentialAction":[{"@type":"ReadAction","target":["https:\/\/www.lbmb.notaires.fr\/nos-services\/nos-services-negociation-immobiliere\/"]}]},{"@type":"BreadcrumbList","@id":"https:\/\/www.lbmb.notaires.fr\/nos-services\/nos-services-negociation-immobiliere\/#breadcrumb","itemListElement":[{"@type":"ListItem","position":1,"name":"Accueil","item":"https:\/\/www.lbmb.notaires.fr\/"},{"@type":"ListItem","position":2,"name":"Nos services","item":"https:\/\/www.lbmb.notaires.fr\/nos-services\/"},{"@type":"ListItem","position":3,"name":"Nos services &#8211; N\u00e9gociation immobili\u00e8re"}]},{"@type":"WebSite","@id":"https:\/\/www.lbmb.notaires.fr\/#website","url":"https:\/\/www.lbmb.notaires.fr\/","name":"LBMB-Notaires","description":"Office notarial","publisher":{"@id":"https:\/\/www.lbmb.notaires.fr\/#organization"},"potentialAction":[{"@type":"SearchAction","target":{"@type":"EntryPoint","urlTemplate":"https:\/\/www.lbmb.notaires.fr\/?s={search_term_string}"},"query-input":{"@type":"PropertyValueSpecification","valueRequired":true,"valueName":"search_term_string"}}],"inLanguage":"en-US"},{"@type":"Organization","@id":"https:\/\/www.lbmb.notaires.fr\/#organization","name":"LBLM Notaires","url":"https:\/\/www.lbmb.notaires.fr\/","logo":{"@type":"ImageObject","inLanguage":"en-US","@id":"https:\/\/www.lbmb.notaires.fr\/#\/schema\/logo\/image\/","url":"https:\/\/www.lbmb-notaires.com\/wp-content\/uploads\/2016\/01\/logo_lbmb_blanc-1.png","contentUrl":"https:\/\/www.lbmb-notaires.com\/wp-content\/uploads\/2016\/01\/logo_lbmb_blanc-1.png","width":107,"height":36,"caption":"LBLM Notaires"},"image":{"@id":"https:\/\/www.lbmb.notaires.fr\/#\/schema\/logo\/image\/"}}]}},"_links":{"self":[{"href":"https:\/\/www.lbmb.notaires.fr\/en\/wp-json\/wp\/v2\/pages\/6943","targetHints":{"allow":["GET"]}}],"collection":[{"href":"https:\/\/www.lbmb.notaires.fr\/en\/wp-json\/wp\/v2\/pages"}],"about":[{"href":"https:\/\/www.lbmb.notaires.fr\/en\/wp-json\/wp\/v2\/types\/page"}],"author":[{"embeddable":true,"href":"https:\/\/www.lbmb.notaires.fr\/en\/wp-json\/wp\/v2\/users\/2"}],"replies":[{"embeddable":true,"href":"https:\/\/www.lbmb.notaires.fr\/en\/wp-json\/wp\/v2\/comments?post=6943"}],"version-history":[{"count":49,"href":"https:\/\/www.lbmb.notaires.fr\/en\/wp-json\/wp\/v2\/pages\/6943\/revisions"}],"predecessor-version":[{"id":7435,"href":"https:\/\/www.lbmb.notaires.fr\/en\/wp-json\/wp\/v2\/pages\/6943\/revisions\/7435"}],"up":[{"embeddable":true,"href":"https:\/\/www.lbmb.notaires.fr\/en\/wp-json\/wp\/v2\/pages\/4870"}],"wp:attachment":[{"href":"https:\/\/www.lbmb.notaires.fr\/en\/wp-json\/wp\/v2\/media?parent=6943"}],"curies":[{"name":"wp","href":"https:\/\/api.w.org\/{rel}","templated":true}]}}